{"id":677,"date":"2025-09-13T08:35:48","date_gmt":"2025-09-13T08:35:48","guid":{"rendered":"https:\/\/energy-support.de\/legal-notice\/"},"modified":"2025-11-26T08:34:23","modified_gmt":"2025-11-26T08:34:23","slug":"legal-notice","status":"publish","type":"page","link":"https:\/\/energy-support.de\/en\/legal-notice\/","title":{"rendered":"Legal notice"},"content":{"rendered":"\t\t<div data-elementor-type=\"wp-page\" data-elementor-id=\"677\" class=\"elementor elementor-677 elementor-201\" data-elementor-post-type=\"page\">\n\t\t\t\t<div class=\"elementor-element elementor-element-4d8d93a6 e-flex e-con-boxed e-con e-parent\" data-id=\"4d8d93a6\" data-element_type=\"container\">\n\t\t\t\t\t<div class=\"e-con-inner\">\n\t\t<div class=\"elementor-element elementor-element-106f84c8 e-con-full e-grid e-con e-child\" data-id=\"106f84c8\" data-element_type=\"container\">\n\t\t\t\t<div class=\"elementor-element elementor-element-576a94a9 elementor-widget elementor-widget-image\" data-id=\"576a94a9\" data-element_type=\"widget\" data-widget_type=\"image.default\">\n\t\t\t\t<div class=\"elementor-widget-container\">\n\t\t\t\t\t\t\t\t\t\t\t\t\t\t\t<img fetchpriority=\"high\" decoding=\"async\" width=\"800\" height=\"94\" src=\"https:\/\/energy-support.de\/wp-content\/uploads\/2025\/08\/energy-support_gross.png\" class=\"attachment-large size-large wp-image-640\" alt=\"energy support_gross\" \/>\t\t\t\t\t\t\t\t\t\t\t\t\t\t\t<\/div>\n\t\t\t\t<\/div>\n\t\t\t\t<div class=\"elementor-element elementor-element-68c928b elementor-nav-menu__align-end elementor-nav-menu--dropdown-tablet elementor-nav-menu__text-align-aside elementor-nav-menu--toggle elementor-nav-menu--burger elementor-widget elementor-widget-nav-menu\" data-id=\"68c928b\" data-element_type=\"widget\" data-settings=\"{&quot;submenu_icon&quot;:{&quot;value&quot;:&quot;&lt;i class=\\&quot;\\&quot;&gt;&lt;\\\/i&gt;&quot;,&quot;library&quot;:&quot;&quot;},&quot;layout&quot;:&quot;horizontal&quot;,&quot;toggle&quot;:&quot;burger&quot;}\" data-widget_type=\"nav-menu.default\">\n\t\t\t\t<div class=\"elementor-widget-container\">\n\t\t\t\t\t\t\t\t<nav aria-label=\"Menu\" class=\"elementor-nav-menu--main elementor-nav-menu__container elementor-nav-menu--layout-horizontal e--pointer-underline e--animation-fade\">\n\t\t\t\t<ul id=\"menu-1-68c928b\" class=\"elementor-nav-menu\"><li class=\"menu-item menu-item-type-post_type menu-item-object-page menu-item-home menu-item-706\"><a href=\"https:\/\/energy-support.de\/en\/\" class=\"elementor-item\">Home<\/a><\/li>\n<li class=\"menu-item menu-item-type-post_type menu-item-object-page menu-item-has-children menu-item-704\"><a href=\"https:\/\/energy-support.de\/en\/products\/\" class=\"elementor-item\">Products<\/a>\n<ul class=\"sub-menu elementor-nav-menu--dropdown\">\n\t<li class=\"menu-item menu-item-type-custom menu-item-object-custom menu-item-has-children menu-item-708\"><a href=\"https:\/\/energy-support.de\/en\/produkte\/#analyse\" class=\"elementor-sub-item elementor-item-anchor\">Analysis of dissolved gases<\/a>\n\t<ul class=\"sub-menu elementor-nav-menu--dropdown\">\n\t\t<li class=\"menu-item menu-item-type-post_type menu-item-object-page menu-item-711\"><a href=\"https:\/\/energy-support.de\/en\/mobil-gc\/\" class=\"elementor-sub-item\">Mobil-GC<\/a><\/li>\n\t\t<li class=\"menu-item menu-item-type-post_type menu-item-object-page menu-item-710\"><a href=\"https:\/\/energy-support.de\/en\/toga-gc\/\" class=\"elementor-sub-item\">Toga Gc<\/a><\/li>\n\t\t<li class=\"menu-item menu-item-type-custom menu-item-object-custom menu-item-712\"><a href=\"https:\/\/energy-support.de\/en\/produkte\/#online-dga\" class=\"elementor-sub-item elementor-item-anchor\">ONLINE DGA<\/a><\/li>\n\t\t<li class=\"menu-item menu-item-type-post_type menu-item-object-page menu-item-709\"><a href=\"https:\/\/energy-support.de\/en\/osm2-pro\/\" class=\"elementor-sub-item\">OSM2-Pro<\/a><\/li>\n\t<\/ul>\n<\/li>\n\t<li class=\"menu-item menu-item-type-custom menu-item-object-custom menu-item-has-children menu-item-713\"><a href=\"https:\/\/energy-support.de\/en\/produkte\/#WASSERGEHALTSMESSUNG\" class=\"elementor-sub-item elementor-item-anchor\">water content measurement<\/a>\n\t<ul class=\"sub-menu elementor-nav-menu--dropdown\">\n\t\t<li class=\"menu-item menu-item-type-custom menu-item-object-custom menu-item-714\"><a href=\"https:\/\/energy-support.de\/en\/produkte\/#pocket\" class=\"elementor-sub-item elementor-item-anchor\">POCKET TITRATOR KF<\/a><\/li>\n\t<\/ul>\n<\/li>\n\t<li class=\"menu-item menu-item-type-custom menu-item-object-custom menu-item-has-children menu-item-715\"><a href=\"https:\/\/energy-support.de\/en\/produkte\/#oel-aufbereitung\" class=\"elementor-sub-item elementor-item-anchor\">Oil treatment \/ drying<\/a>\n\t<ul class=\"sub-menu elementor-nav-menu--dropdown\">\n\t\t<li class=\"menu-item menu-item-type-custom menu-item-object-custom menu-item-716\"><a href=\"https:\/\/energy-support.de\/en\/produkte\/#es-2000\" class=\"elementor-sub-item elementor-item-anchor\">ES 2000<\/a><\/li>\n\t<\/ul>\n<\/li>\n\t<li class=\"menu-item menu-item-type-custom menu-item-object-custom menu-item-has-children menu-item-717\"><a href=\"https:\/\/energy-support.de\/en\/produkte\/#hochspannung\" class=\"elementor-sub-item elementor-item-anchor\">High-voltage test equipment<\/a>\n\t<ul class=\"sub-menu elementor-nav-menu--dropdown\">\n\t\t<li class=\"menu-item menu-item-type-custom menu-item-object-custom menu-item-718\"><a href=\"https:\/\/hvinc.com\/en\/products\/\" class=\"elementor-sub-item\">High Voltage Inc.<\/a><\/li>\n\t<\/ul>\n<\/li>\n<\/ul>\n<\/li>\n<li class=\"menu-item menu-item-type-post_type menu-item-object-page menu-item-705\"><a href=\"https:\/\/energy-support.de\/en\/our-seminars\/\" class=\"elementor-item\">Our Seminars<\/a><\/li>\n<li class=\"menu-item menu-item-type-custom menu-item-object-custom menu-item-707\"><a href=\"https:\/\/tlm-konferenz.de\/\" class=\"elementor-item\">TLM Conference<\/a><\/li>\n<li class=\"menu-item wpml-ls-slot-2 wpml-ls-item wpml-ls-item-de wpml-ls-menu-item wpml-ls-first-item wpml-ls-last-item menu-item-type-wpml_ls_menu_item menu-item-object-wpml_ls_menu_item menu-item-wpml-ls-2-de\"><a href=\"https:\/\/energy-support.de\/\" title=\"Switch to German\" aria-label=\"Switch to German\" role=\"menuitem\" class=\"elementor-item\"><img decoding=\"async\"\n            class=\"wpml-ls-flag\"\n            src=\"https:\/\/energy-support.de\/wp-content\/plugins\/sitepress-multilingual-cms\/res\/flags\/de.svg\"\n            alt=\"German\"\n            \n            \n    \/><\/a><\/li>\n<\/ul>\t\t\t<\/nav>\n\t\t\t\t\t<div class=\"elementor-menu-toggle\" role=\"button\" tabindex=\"0\" aria-label=\"Menu Toggle\" aria-expanded=\"false\">\n\t\t\t<svg aria-hidden=\"true\" role=\"presentation\" class=\"elementor-menu-toggle__icon--open e-font-icon-svg e-eicon-menu-bar\" viewBox=\"0 0 1000 1000\" xmlns=\"http:\/\/www.w3.org\/2000\/svg\"><path d=\"M104 333H896C929 333 958 304 958 271S929 208 896 208H104C71 208 42 237 42 271S71 333 104 333ZM104 583H896C929 583 958 554 958 521S929 458 896 458H104C71 458 42 487 42 521S71 583 104 583ZM104 833H896C929 833 958 804 958 771S929 708 896 708H104C71 708 42 737 42 771S71 833 104 833Z\"><\/path><\/svg><svg aria-hidden=\"true\" role=\"presentation\" class=\"elementor-menu-toggle__icon--close e-font-icon-svg e-eicon-close\" viewBox=\"0 0 1000 1000\" xmlns=\"http:\/\/www.w3.org\/2000\/svg\"><path d=\"M742 167L500 408 258 167C246 154 233 150 217 150 196 150 179 158 167 167 154 179 150 196 150 212 150 229 154 242 171 254L408 500 167 742C138 771 138 800 167 829 196 858 225 858 254 829L496 587 738 829C750 842 767 846 783 846 800 846 817 842 829 829 842 817 846 804 846 783 846 767 842 750 829 737L588 500 833 258C863 229 863 200 833 171 804 137 775 137 742 167Z\"><\/path><\/svg>\t\t<\/div>\n\t\t\t\t\t<nav class=\"elementor-nav-menu--dropdown elementor-nav-menu__container\" aria-hidden=\"true\">\n\t\t\t\t<ul id=\"menu-2-68c928b\" class=\"elementor-nav-menu\"><li class=\"menu-item menu-item-type-post_type menu-item-object-page menu-item-home menu-item-706\"><a href=\"https:\/\/energy-support.de\/en\/\" class=\"elementor-item\" tabindex=\"-1\">Home<\/a><\/li>\n<li class=\"menu-item menu-item-type-post_type menu-item-object-page menu-item-has-children menu-item-704\"><a href=\"https:\/\/energy-support.de\/en\/products\/\" class=\"elementor-item\" tabindex=\"-1\">Products<\/a>\n<ul class=\"sub-menu elementor-nav-menu--dropdown\">\n\t<li class=\"menu-item menu-item-type-custom menu-item-object-custom menu-item-has-children menu-item-708\"><a href=\"https:\/\/energy-support.de\/en\/produkte\/#analyse\" class=\"elementor-sub-item elementor-item-anchor\" tabindex=\"-1\">Analysis of dissolved gases<\/a>\n\t<ul class=\"sub-menu elementor-nav-menu--dropdown\">\n\t\t<li class=\"menu-item menu-item-type-post_type menu-item-object-page menu-item-711\"><a href=\"https:\/\/energy-support.de\/en\/mobil-gc\/\" class=\"elementor-sub-item\" tabindex=\"-1\">Mobil-GC<\/a><\/li>\n\t\t<li class=\"menu-item menu-item-type-post_type menu-item-object-page menu-item-710\"><a href=\"https:\/\/energy-support.de\/en\/toga-gc\/\" class=\"elementor-sub-item\" tabindex=\"-1\">Toga Gc<\/a><\/li>\n\t\t<li class=\"menu-item menu-item-type-custom menu-item-object-custom menu-item-712\"><a href=\"https:\/\/energy-support.de\/en\/produkte\/#online-dga\" class=\"elementor-sub-item elementor-item-anchor\" tabindex=\"-1\">ONLINE DGA<\/a><\/li>\n\t\t<li class=\"menu-item menu-item-type-post_type menu-item-object-page menu-item-709\"><a href=\"https:\/\/energy-support.de\/en\/osm2-pro\/\" class=\"elementor-sub-item\" tabindex=\"-1\">OSM2-Pro<\/a><\/li>\n\t<\/ul>\n<\/li>\n\t<li class=\"menu-item menu-item-type-custom menu-item-object-custom menu-item-has-children menu-item-713\"><a href=\"https:\/\/energy-support.de\/en\/produkte\/#WASSERGEHALTSMESSUNG\" class=\"elementor-sub-item elementor-item-anchor\" tabindex=\"-1\">water content measurement<\/a>\n\t<ul class=\"sub-menu elementor-nav-menu--dropdown\">\n\t\t<li class=\"menu-item menu-item-type-custom menu-item-object-custom menu-item-714\"><a href=\"https:\/\/energy-support.de\/en\/produkte\/#pocket\" class=\"elementor-sub-item elementor-item-anchor\" tabindex=\"-1\">POCKET TITRATOR KF<\/a><\/li>\n\t<\/ul>\n<\/li>\n\t<li class=\"menu-item menu-item-type-custom menu-item-object-custom menu-item-has-children menu-item-715\"><a href=\"https:\/\/energy-support.de\/en\/produkte\/#oel-aufbereitung\" class=\"elementor-sub-item elementor-item-anchor\" tabindex=\"-1\">Oil treatment \/ drying<\/a>\n\t<ul class=\"sub-menu elementor-nav-menu--dropdown\">\n\t\t<li class=\"menu-item menu-item-type-custom menu-item-object-custom menu-item-716\"><a href=\"https:\/\/energy-support.de\/en\/produkte\/#es-2000\" class=\"elementor-sub-item elementor-item-anchor\" tabindex=\"-1\">ES 2000<\/a><\/li>\n\t<\/ul>\n<\/li>\n\t<li class=\"menu-item menu-item-type-custom menu-item-object-custom menu-item-has-children menu-item-717\"><a href=\"https:\/\/energy-support.de\/en\/produkte\/#hochspannung\" class=\"elementor-sub-item elementor-item-anchor\" tabindex=\"-1\">High-voltage test equipment<\/a>\n\t<ul class=\"sub-menu elementor-nav-menu--dropdown\">\n\t\t<li class=\"menu-item menu-item-type-custom menu-item-object-custom menu-item-718\"><a href=\"https:\/\/hvinc.com\/en\/products\/\" class=\"elementor-sub-item\" tabindex=\"-1\">High Voltage Inc.<\/a><\/li>\n\t<\/ul>\n<\/li>\n<\/ul>\n<\/li>\n<li class=\"menu-item menu-item-type-post_type menu-item-object-page menu-item-705\"><a href=\"https:\/\/energy-support.de\/en\/our-seminars\/\" class=\"elementor-item\" tabindex=\"-1\">Our Seminars<\/a><\/li>\n<li class=\"menu-item menu-item-type-custom menu-item-object-custom menu-item-707\"><a href=\"https:\/\/tlm-konferenz.de\/\" class=\"elementor-item\" tabindex=\"-1\">TLM Conference<\/a><\/li>\n<li class=\"menu-item wpml-ls-slot-2 wpml-ls-item wpml-ls-item-de wpml-ls-menu-item wpml-ls-first-item wpml-ls-last-item menu-item-type-wpml_ls_menu_item menu-item-object-wpml_ls_menu_item menu-item-wpml-ls-2-de\"><a href=\"https:\/\/energy-support.de\/\" title=\"Switch to German\" aria-label=\"Switch to German\" role=\"menuitem\" class=\"elementor-item\" tabindex=\"-1\"><img decoding=\"async\"\n            class=\"wpml-ls-flag\"\n            src=\"https:\/\/energy-support.de\/wp-content\/plugins\/sitepress-multilingual-cms\/res\/flags\/de.svg\"\n            alt=\"German\"\n            \n            \n    \/><\/a><\/li>\n<\/ul>\t\t\t<\/nav>\n\t\t\t\t\t\t<\/div>\n\t\t\t\t<\/div>\n\t\t\t\t<\/div>\n\t\t\t\t\t<\/div>\n\t\t\t\t<\/div>\n\t\t<div class=\"elementor-element elementor-element-5770ed6 e-flex e-con-boxed e-con e-parent\" data-id=\"5770ed6\" data-element_type=\"container\">\n\t\t\t\t\t<div class=\"e-con-inner\">\n\t\t\t\t<div class=\"elementor-element elementor-element-9fdeb1b elementor-widget elementor-widget-heading\" data-id=\"9fdeb1b\" data-element_type=\"widget\" data-widget_type=\"heading.default\">\n\t\t\t\t<div class=\"elementor-widget-container\">\n\t\t\t\t\t<h2 class=\"elementor-heading-title elementor-size-default\">Legal notice<\/h2>\t\t\t\t<\/div>\n\t\t\t\t<\/div>\n\t\t\t\t<div class=\"elementor-element elementor-element-cbed7d3 elementor-widget elementor-widget-text-editor\" data-id=\"cbed7d3\" data-element_type=\"widget\" data-widget_type=\"text-editor.default\">\n\t\t\t\t<div class=\"elementor-widget-container\">\n\t\t\t\t\t\t\t\t\t<p>Energy Support GmbH<br>Sperberweg 47<br>D-41468 Neuss<br>Deutschland<\/p><p>T +49 (0)2131 40 39 60 7<br>F +49 (0)2131 40 39 60 8<br>\u00bb info@energy-support.de<\/p><p>Ust-IdNr.: DE 812539860<br>Registerort: Amtsgericht Neuss<br>Handelsregister: HRB 12571<br>Gesch\u00e4ftsf\u00fchrer Wolfgang Sorgatz<br>Gesch\u00e4ftsf\u00fchrer Gernoth Dobianer<\/p><p>The European Commission provides consumers with a platform for out-of-court online dispute resolution (ODR platform). <br>This can be accessed via the following link: www.ec.europa.eu\/consumers\/odr<\/p><p>Note pursuant to Section 36 VSBG: Energy Support GmbH is neither legally obliged nor willing to participate in dispute resolution proceedings before a consumer dispute resolution body.<\/p><p><strong>Disclaimer<\/strong><\/p><p><strong>1. Content of the online offering<\/strong><\/p><p>The author accepts no responsibility for the topicality, correctness, completeness, or quality of the information provided. Liability claims against the author relating to material or immaterial damage caused by the use or non-use of the information provided or by the use of incorrect or incomplete information are excluded, unless there is evidence of wilful intent or gross negligence on the part of the author. All offers are subject to change and non-binding. The author expressly reserves the right to change, supplement, or delete parts of the pages or the entire offer without prior notice, or to discontinue publication temporarily or permanently.<\/p><p><strong>2. References and links<\/strong><\/p><p>In the case of direct or indirect references to external websites (\u201chyperlinks\u201d) that are outside the author&#8217;s area of responsibility, liability would only arise in the event that the author was aware of the content and it would have been technically possible and reasonable for him to prevent use in the event of illegal content. The author hereby expressly declares that at the time the links were created, no illegal content was discernible on the linked pages. The author has no influence whatsoever on the current and future design, content, or authorship of the linked pages. He therefore hereby expressly distances himself from all content on all linked\/referenced pages that has been changed since the link was created. This statement applies to all links and references within the author&#8217;s own website as well as to external entries in guest books, discussion forums, link directories, mailing lists, and all other forms of databases set up by the author to which external write access is possible. The provider of the page to which reference is made is solely liable for illegal, incorrect, or incomplete content and in particular for damage resulting from the use or non-use of such information, not the person who merely refers to the respective publication via links.<\/p><p><strong>3. Copyright and trademark law<\/strong><\/p><p>The author endeavors to observe the copyrights of the graphics, sound documents, video sequences, and texts used in all publications, to use graphics, sound documents, video sequences, and texts created by himself, or to make use of license-free graphics, sound documents, video sequences, and texts. All brands and trademarks mentioned on this website and possibly protected by third parties are subject without restriction to the provisions of the applicable trademark law and the ownership rights of the respective registered owners. The mere mention of trademarks does not imply that they are not protected by third-party rights! The copyright for published objects created by the author himself remains solely with the author of the pages. Any reproduction or use of such graphics, audio files, video sequences, and texts in other electronic or printed publications is not permitted without the express consent of the author.<\/p><p><strong>4. Data protection<\/strong><\/p><p>If the website offers the option of entering personal or business data (email addresses, names, addresses), the disclosure of this data by the user is expressly voluntary. The use and payment of all offered services is permitted \u2013 as far as technically possible and reasonable \u2013 without specification of any personal data or under specification of anonymized data or an alias. The use of contact data published in the imprint or comparable information, such as postal addresses, telephone and fax numbers, and email addresses, by third parties for the purpose of sending unsolicited information is not permitted. We expressly reserve the right to take legal action against senders of so-called spam emails in the event of violations of this prohibition.<\/p><p><strong>5. Legal validity of this disclaimer<\/strong><\/p><p>This disclaimer is to be regarded as part of the internet publication which you were referred from. If sections or individual terms of this statement are not legal or correct, the content or validity of the other parts remain uninfluenced by this fact.<\/p><p>Quelle: <a href=\"http:\/\/www.mustervorlage.net\/disclaimer-muster#Englisch\">Disclaimer von Mustervorlage.net<\/a><\/p><p>Credits Bilder:<br><a href=\"http:\/\/de.fotolia.com\/id\/34725756\">Kohlekraftwerk<\/a><br><em>\u00a9 Klaus Eppele \u2013 Fotolia.com<br><\/em><a href=\"http:\/\/de.fotolia.com\/id\/20189115\">Hochleitungsmast2<\/a><br><em>\u00a9 Augenblick \u2013 Fotolia.com<br><a href=\"http:\/\/de.fotolia.com\/id\/21688459\">Petroleum Worker Measuring Chemicals<\/a><br>\u00a9 onewordphoto \u2013 Fotolia.com<\/em><\/p>\t\t\t\t\t\t\t\t<\/div>\n\t\t\t\t<\/div>\n\t\t\t\t\t<\/div>\n\t\t\t\t<\/div>\n\t\t<div class=\"elementor-element elementor-element-6dc692a9 e-flex e-con-boxed e-con e-parent\" data-id=\"6dc692a9\" data-element_type=\"container\" data-settings=\"{&quot;background_background&quot;:&quot;classic&quot;}\">\n\t\t\t\t\t<div class=\"e-con-inner\">\n\t\t<div class=\"elementor-element elementor-element-3972396d e-con-full e-flex e-con e-child\" data-id=\"3972396d\" data-element_type=\"container\">\n\t\t<div class=\"elementor-element elementor-element-4b493966 e-con-full e-flex e-con e-child\" data-id=\"4b493966\" data-element_type=\"container\">\n\t\t\t\t<div class=\"elementor-element elementor-element-37c9448c elementor-widget elementor-widget-image\" data-id=\"37c9448c\" data-element_type=\"widget\" data-widget_type=\"image.default\">\n\t\t\t\t<div class=\"elementor-widget-container\">\n\t\t\t\t\t\t\t\t\t\t\t\t\t\t\t<img decoding=\"async\" width=\"669\" height=\"80\" src=\"https:\/\/energy-support.de\/wp-content\/uploads\/2025\/08\/energy-support_weiss.png\" class=\"attachment-large size-large wp-image-641\" alt=\"energy support_weiss\" srcset=\"https:\/\/energy-support.de\/wp-content\/uploads\/2025\/08\/energy-support_weiss.png 669w, https:\/\/energy-support.de\/wp-content\/uploads\/2025\/08\/energy-support_weiss-300x36.png 300w\" sizes=\"(max-width: 669px) 100vw, 669px\" \/>\t\t\t\t\t\t\t\t\t\t\t\t\t\t\t<\/div>\n\t\t\t\t<\/div>\n\t\t\t\t<\/div>\n\t\t<div class=\"elementor-element elementor-element-27ff5b3f e-grid e-con-full e-con e-child\" data-id=\"27ff5b3f\" data-element_type=\"container\">\n\t\t\t\t<div class=\"elementor-element elementor-element-4f0f1bab elementor-widget elementor-widget-heading\" data-id=\"4f0f1bab\" data-element_type=\"widget\" data-widget_type=\"heading.default\">\n\t\t\t\t<div class=\"elementor-widget-container\">\n\t\t\t\t\t<h2 class=\"elementor-heading-title elementor-size-default\">Sperberweg 47<br>D-41468 Neuss<br>Germany\n<\/h2>\t\t\t\t<\/div>\n\t\t\t\t<\/div>\n\t\t\t\t<div class=\"elementor-element elementor-element-3d2a4629 elementor-widget elementor-widget-heading\" data-id=\"3d2a4629\" data-element_type=\"widget\" data-widget_type=\"heading.default\">\n\t\t\t\t<div class=\"elementor-widget-container\">\n\t\t\t\t\t<h2 class=\"elementor-heading-title elementor-size-default\">T +49 (0)2131 40 39 60 7\n\nF +49 (0)2131 40 39 60 8<br><br>\u00bb info@energy-support.de\n\n<\/h2>\t\t\t\t<\/div>\n\t\t\t\t<\/div>\n\t\t\t\t<div class=\"elementor-element elementor-element-886447d elementor-widget elementor-widget-text-editor\" data-id=\"886447d\" data-element_type=\"widget\" data-widget_type=\"text-editor.default\">\n\t\t\t\t<div class=\"elementor-widget-container\">\n\t\t\t\t\t\t\t\t\t<p>ImprintPrivacy policy<\/p>\t\t\t\t\t\t\t\t<\/div>\n\t\t\t\t<\/div>\n\t\t\t\t<\/div>\n\t\t\t\t<\/div>\n\t\t\t\t\t<\/div>\n\t\t\t\t<\/div>\n\t\t\t\t<\/div>\n\t\t","protected":false},"excerpt":{"rendered":"<p>Legal notice Energy Support GmbHSperberweg 47D-41468 NeussDeutschland T +49 (0)2131 40 39 60 7F +49 (0)2131 40 39 60 8\u00bb info@energy-support.de Ust-IdNr.: DE 812539860Registerort: Amtsgericht NeussHandelsregister: HRB 12571Gesch\u00e4ftsf\u00fchrer Wolfgang SorgatzGesch\u00e4ftsf\u00fchrer Gernoth Dobianer The European Commission provides consumers with a platform for out-of-court online dispute resolution (ODR platform). This can be accessed via the following link: [&hellip;]<\/p>\n","protected":false},"author":1,"featured_media":0,"parent":0,"menu_order":0,"comment_status":"closed","ping_status":"closed","template":"elementor_canvas","meta":{"footnotes":""},"class_list":["post-677","page","type-page","status-publish","hentry"],"_links":{"self":[{"href":"https:\/\/energy-support.de\/en\/wp-json\/wp\/v2\/pages\/677","targetHints":{"allow":["GET"]}}],"collection":[{"href":"https:\/\/energy-support.de\/en\/wp-json\/wp\/v2\/pages"}],"about":[{"href":"https:\/\/energy-support.de\/en\/wp-json\/wp\/v2\/types\/page"}],"author":[{"embeddable":true,"href":"https:\/\/energy-support.de\/en\/wp-json\/wp\/v2\/users\/1"}],"replies":[{"embeddable":true,"href":"https:\/\/energy-support.de\/en\/wp-json\/wp\/v2\/comments?post=677"}],"version-history":[{"count":1,"href":"https:\/\/energy-support.de\/en\/wp-json\/wp\/v2\/pages\/677\/revisions"}],"predecessor-version":[{"id":678,"href":"https:\/\/energy-support.de\/en\/wp-json\/wp\/v2\/pages\/677\/revisions\/678"}],"wp:attachment":[{"href":"https:\/\/energy-support.de\/en\/wp-json\/wp\/v2\/media?parent=677"}],"curies":[{"name":"wp","href":"https:\/\/api.w.org\/{rel}","templated":true}]}}